{"id":8,"date":"2017-12-14T05:14:51","date_gmt":"2017-12-14T05:14:51","guid":{"rendered":"http:\/\/localhost\/promeister\/?page_id=8"},"modified":"2018-04-24T12:36:21","modified_gmt":"2018-04-24T12:36:21","slug":"pbs","status":"publish","type":"page","link":"https:\/\/www.lkqacademy.ch\/fr\/pbs\/","title":{"rendered":"PBS"},"content":{"rendered":"<h3>Manualer till PBS ProMeister Business System<\/h3>\n<p>Vi som jobbar med PBS:<br \/>\nEmil Nilsson (K\u00f6ping), Henrik Eliasson (S\u00e4len), Malin J\u00f6nsson (Malm\u00f6) och Niklas Nerholt (Malm\u00f6)<br \/>\nKontakta supporten p\u00e5 040-699 69 90 eller Support.pbs@promeister.com<\/p>\n<p>Vill du veta mer om ProMeister Business System?<br \/>\nKontakta: Niklas Nerholt, Systemansvarig ProMeister Business System, Telefon: 070 183 99 30,<br \/>\nmail: niklas.nerholt@promeister.com<\/p>\n","protected":false},"excerpt":{"rendered":"<p>Manualer till PBS ProMeister Business System Vi som jobbar med PBS: Emil Nilsson (K\u00f6ping), Henrik Eliasson (S\u00e4len), Malin J\u00f6nsson (Malm\u00f6)&#8230;<\/p>\n","protected":false},"author":5,"featured_media":0,"parent":0,"menu_order":0,"comment_status":"closed","ping_status":"closed","template":"","meta":{"_acf_changed":false,"footnotes":""},"class_list":["post-8","page","type-page","status-publish","hentry"],"translation":{"provider":"WPGlobus","version":"3.0.2","language":"fr","enabled_languages":["de","en","fr","it"],"languages":{"de":{"title":true,"content":true,"excerpt":false},"en":{"title":false,"content":false,"excerpt":false},"fr":{"title":false,"content":false,"excerpt":false},"it":{"title":false,"content":false,"excerpt":false}}},"acf":[],"_links":{"self":[{"href":"https:\/\/www.lkqacademy.ch\/fr\/wp-json\/wp\/v2\/pages\/8","targetHints":{"allow":["GET"]}}],"collection":[{"href":"https:\/\/www.lkqacademy.ch\/fr\/wp-json\/wp\/v2\/pages"}],"about":[{"href":"https:\/\/www.lkqacademy.ch\/fr\/wp-json\/wp\/v2\/types\/page"}],"author":[{"embeddable":true,"href":"https:\/\/www.lkqacademy.ch\/fr\/wp-json\/wp\/v2\/users\/5"}],"replies":[{"embeddable":true,"href":"https:\/\/www.lkqacademy.ch\/fr\/wp-json\/wp\/v2\/comments?post=8"}],"version-history":[{"count":0,"href":"https:\/\/www.lkqacademy.ch\/fr\/wp-json\/wp\/v2\/pages\/8\/revisions"}],"wp:attachment":[{"href":"https:\/\/www.lkqacademy.ch\/fr\/wp-json\/wp\/v2\/media?parent=8"}],"curies":[{"name":"wp","href":"https:\/\/api.w.org\/{rel}","templated":true}]}}